{"id":796,"date":"2023-11-22T10:13:08","date_gmt":"2023-11-22T10:13:08","guid":{"rendered":"https:\/\/blackceramicscentre.lt\/?page_id=796"},"modified":"2023-11-22T10:19:04","modified_gmt":"2023-11-22T10:19:04","slug":"privatumo-politika","status":"publish","type":"page","link":"https:\/\/blackceramicscentre.lt\/en\/privatumo-politika\/","title":{"rendered":"privacy policy"},"content":{"rendered":"<style>.elementor-796 .elementor-element.elementor-element-3bbed0ce:not(.elementor-motion-effects-element-type-background), .elementor-796 .elementor-element.elementor-element-3bbed0ce > .elementor-motion-effects-container > .elementor-motion-effects-layer{background-image:url(\"https:\/\/blackceramicscentre.lt\/wp-content\/uploads\/2023\/11\/Bendra4-scaled.jpg\");background-position:0px 45%;background-repeat:no-repeat;background-size:cover;}.elementor-796 .elementor-element.elementor-element-3bbed0ce > .elementor-background-overlay{background-color:var( --e-global-color-text );opacity:0.5;transition:background 0.3s, border-radius 0.3s, opacity 0.3s;}.elementor-796 .elementor-element.elementor-element-3bbed0ce{transition:background 0.3s, border 0.3s, border-radius 0.3s, box-shadow 0.3s;padding:12em 1em 7em 1em;}.elementor-796 .elementor-element.elementor-element-634a4424{text-align:center;}.elementor-796 .elementor-element.elementor-element-634a4424 .elementor-heading-title{font-family:\"Playfair Display\", Sans-serif;font-size:68px;font-weight:500;line-height:1em;letter-spacing:-2px;color:var( --e-global-color-a291686 );}.elementor-796 .elementor-element.elementor-element-238d867{padding:6em 1em 0em 1em;}.elementor-796 .elementor-element.elementor-element-c5067bc{margin-top:0em;margin-bottom:1em;}.elementor-796 .elementor-element.elementor-element-f319f1c{--divider-border-style:solid;--divider-color:var( --e-global-color-accent );--divider-border-width:2px;}.elementor-796 .elementor-element.elementor-element-f319f1c .elementor-divider-separator{width:80px;margin:0 auto;margin-left:0;}.elementor-796 .elementor-element.elementor-element-f319f1c .elementor-divider{text-align:left;padding-block-start:10px;padding-block-end:10px;}@media(max-width:1024px){.elementor-796 .elementor-element.elementor-element-3bbed0ce > .elementor-container{max-width:500px;}.elementor-796 .elementor-element.elementor-element-3bbed0ce:not(.elementor-motion-effects-element-type-background), .elementor-796 .elementor-element.elementor-element-3bbed0ce > .elementor-motion-effects-container > .elementor-motion-effects-layer{background-position:center center;}.elementor-796 .elementor-element.elementor-element-3bbed0ce{padding:10em 1em 5em 1em;}.elementor-796 .elementor-element.elementor-element-634a4424 .elementor-heading-title{font-size:48px;}.elementor-796 .elementor-element.elementor-element-238d867{padding:3em 1em 2em 1em;}.elementor-796 .elementor-element.elementor-element-f319f1c .elementor-divider{padding-block-start:0px;padding-block-end:0px;}}@media(max-width:767px){.elementor-796 .elementor-element.elementor-element-3bbed0ce:not(.elementor-motion-effects-element-type-background), .elementor-796 .elementor-element.elementor-element-3bbed0ce > .elementor-motion-effects-container > .elementor-motion-effects-layer{background-position:center center;}.elementor-796 .elementor-element.elementor-element-3bbed0ce{padding:11em 1em 5em 1em;}.elementor-796 .elementor-element.elementor-element-34a5aa4.elementor-column > .elementor-widget-wrap{justify-content:center;}.elementor-796 .elementor-element.elementor-element-634a4424 .elementor-heading-title{font-size:38px;}.elementor-796 .elementor-element.elementor-element-238d867{padding:1em 1em 1em 1em;}}<\/style>\t\t<div data-elementor-type=\"wp-page\" data-elementor-id=\"796\" class=\"elementor elementor-796\" data-elementor-post-type=\"page\">\n\t\t\t\t\t\t<section class=\"elementor-section elementor-top-section elementor-element elementor-element-3bbed0ce elementor-section-boxed elementor-section-height-default elementor-section-height-default\" data-id=\"3bbed0ce\" data-element_type=\"section\" data-e-type=\"section\" data-settings=\"{&quot;background_background&quot;:&quot;classic&quot;}\">\n\t\t\t\t\t\t\t<div class=\"elementor-background-overlay\"><\/div>\n\t\t\t\t\t\t\t<div class=\"elementor-container elementor-column-gap-default\">\n\t\t\t\t\t<div class=\"elementor-column elementor-col-100 elementor-top-column elementor-element elementor-element-34a5aa4\" data-id=\"34a5aa4\" data-element_type=\"column\" data-e-type=\"column\">\n\t\t\t<div class=\"elementor-widget-wrap elementor-element-populated\">\n\t\t\t\t\t\t<div class=\"elementor-element elementor-element-634a4424 elementor-invisible elementor-widget elementor-widget-heading\" data-id=\"634a4424\" data-element_type=\"widget\" data-e-type=\"widget\" data-settings=\"{&quot;_animation&quot;:&quot;fadeInDown&quot;}\" data-widget_type=\"heading.default\">\n\t\t\t\t<div class=\"elementor-widget-container\">\n\t\t\t\t\t<h2 class=\"elementor-heading-title elementor-size-default\">privacy policy<\/h2>\t\t\t\t<\/div>\n\t\t\t\t<\/div>\n\t\t\t\t\t<\/div>\n\t\t<\/div>\n\t\t\t\t\t<\/div>\n\t\t<\/section>\n\t\t\t\t<section class=\"elementor-section elementor-top-section elementor-element elementor-element-238d867 elementor-section-boxed elementor-section-height-default elementor-section-height-default\" data-id=\"238d867\" data-element_type=\"section\" data-e-type=\"section\">\n\t\t\t\t\t\t<div class=\"elementor-container elementor-column-gap-default\">\n\t\t\t\t\t<div class=\"elementor-column elementor-col-100 elementor-top-column elementor-element elementor-element-00d5110\" data-id=\"00d5110\" data-element_type=\"column\" data-e-type=\"column\">\n\t\t\t<div class=\"elementor-widget-wrap elementor-element-populated\">\n\t\t\t\t\t\t<section class=\"elementor-section elementor-inner-section elementor-element elementor-element-c5067bc elementor-section-boxed elementor-section-height-default elementor-section-height-default\" data-id=\"c5067bc\" data-element_type=\"section\" data-e-type=\"section\">\n\t\t\t\t\t\t<div class=\"elementor-container elementor-column-gap-default\">\n\t\t\t\t\t<div class=\"elementor-column elementor-col-100 elementor-inner-column elementor-element elementor-element-1693eda\" data-id=\"1693eda\" data-element_type=\"column\" data-e-type=\"column\">\n\t\t\t<div class=\"elementor-widget-wrap elementor-element-populated\">\n\t\t\t\t\t\t<div class=\"elementor-element elementor-element-216533e elementor-widget elementor-widget-heading\" data-id=\"216533e\" data-element_type=\"widget\" data-e-type=\"widget\" data-widget_type=\"heading.default\">\n\t\t\t\t<div class=\"elementor-widget-container\">\n\t\t\t\t\t<h2 class=\"elementor-heading-title elementor-size-default\">privacy policy<\/h2>\t\t\t\t<\/div>\n\t\t\t\t<\/div>\n\t\t\t\t<div class=\"elementor-element elementor-element-f319f1c elementor-widget-divider--view-line elementor-widget elementor-widget-divider\" data-id=\"f319f1c\" data-element_type=\"widget\" data-e-type=\"widget\" data-widget_type=\"divider.default\">\n\t\t\t\t<div class=\"elementor-widget-container\">\n\t\t\t\t\t\t\t<div class=\"elementor-divider\">\n\t\t\t<span class=\"elementor-divider-separator\">\n\t\t\t\t\t\t<\/span>\n\t\t<\/div>\n\t\t\t\t\t\t<\/div>\n\t\t\t\t<\/div>\n\t\t\t\t<div class=\"elementor-element elementor-element-e73983c elementor-widget elementor-widget-text-editor\" data-id=\"e73983c\" data-element_type=\"widget\" data-e-type=\"widget\" data-widget_type=\"text-editor.default\">\n\t\t\t\t<div class=\"elementor-widget-container\">\n\t\t\t\t\t\t\t\t\t<header class=\"entry-header ast-no-thumbnail ast-no-meta\">\n<p class=\"entry-title\"><span style=\"font-size: 16px;\">Juodosios keramikos centras (Juodosios keramikos centras, V\u0161\u012e) gerbia \u0161ios interneto svetain\u0117s lankytoj\u0173 teis\u0119 \u012f privatum\u0105 ir \u012fsipareigoja u\u017etikrinti j\u0173 asmens duomen\u0173 apsaug\u0105. Teis\u0117s Palydovas taip pat r\u016bpinasi klient\u0173, kaip duomen\u0173 subjekt\u0173, teisi\u0173 u\u017etikrinimu.<\/span><\/p>\n<\/header>\n<div class=\"entry-content clear\">\n<p>Tvarkydami Kliento asmens duomenis, mes laikom\u0117s teis\u0117s akt\u0173 reglamentuojan\u010di\u0173 asmens duomen\u0173 apsaug\u0105.<\/p>\n<p><strong>Slapukai<\/strong><\/p>\n<p>Slapukas (angl. cookie) \u2013 tai ma\u017eas tekstinis failas, kur\u012f interneto svetain\u0117 \u012fra\u0161o \u012f J\u016bs\u0173 kompiuterio arba mobilaus prietaiso nar\u0161ykl\u0117s fail\u0173 pod\u0117l\u012f, kai J\u016bs lankot\u0117s svetain\u0117je. Kit\u0105 kart\u0105 apsilankius toje pat svetain\u0117je \u0161is failas gali b\u016bti nuskaitytas, kad svetain\u0117 gal\u0117t\u0173 atpa\u017einti J\u016bs\u0173 kompiuter\u012f ar mobil\u0173j\u012f prietais\u0105.<\/p>\n<p>Slapuk\u0173 surinkta informacija leid\u017eia svetain\u0117s \u0161eimininkui u\u017etikrinti J\u016bs\u0173 galimyb\u0119 nar\u0161yti patogiau, daugiau su\u017einoti apie svetain\u0117s naudotoj\u0173 elges\u012f, analizuoti tendencijas ir tobulinti svetain\u0119.<\/p>\n<p>Siekiant u\u017etikrinti galimyb\u0119 Jums patogiau ir efektyviau nar\u0161yti svetain\u0117je bei pateikti Jums naudingus pasi\u016blymus, svetain\u0117je naudojame \u0161iuos slapukus:<\/p>\n<figure class=\"wp-block-table\">\n<table>\n<tbody>\n<tr>\n<td>Slapukas<\/td>\n<td>Tipas<\/td>\n<td>Apra\u0161ymas<\/td>\n<td>Trukm\u0117<\/td>\n<\/tr>\n<tr>\n<td>_gid<\/td>\n<td>Analitiniai<\/td>\n<td>\u012ediegtas Google Analytics, _gid slapukas saugo informacij\u0105 apie tai, kaip lankytojai naudojasi svetaine, taip pat sukuria analitin\u0119 svetain\u0117s na\u0161umo ataskait\u0105. Kai kurie renkami duomenys apima lankytoj\u0173 skai\u010di\u0173, j\u0173 \u0161altin\u012f ir puslapius, kuriuose jie lankosi anonimi\u0161kai.<\/td>\n<td>1 d.<\/td>\n<\/tr>\n<tr>\n<td>_gat_gtag<\/td>\n<td>Analitiniai<\/td>\n<td>\u201eGoogle\u201c nustat\u0117, kad atskirt\u0173 naudotojus.<\/td>\n<td>1 min.<\/td>\n<\/tr>\n<tr>\n<td>_ga_<\/td>\n<td>Analitiniai<\/td>\n<td>\u0160\u012f slapuk\u0105 \u012fdieg\u0117 Google Analytics.<\/td>\n<td>2 m.<\/td>\n<\/tr>\n<tr>\n<td>_ga<\/td>\n<td>Analitiniai<\/td>\n<td>_ga slapukas, \u012fdiegtas Google Analytics, apskai\u010diuoja lankytoj\u0173, seans\u0173 ir kampanijos duomenis, taip pat seka svetain\u0117s naudojim\u0105 svetain\u0117s analiz\u0117s ataskaitoje. Slapukas i\u0161saugo informacij\u0105 anonimi\u0161kai ir priskiria atsitiktinai sugeneruot\u0105 skai\u010di\u0173 unikaliems lankytojams atpa\u017einti.<\/td>\n<td>2 m.<\/td>\n<\/tr>\n<\/tbody>\n<\/table>\n<\/figure>\n<p>J\u016bs galite bet kada i\u0161trinti arba u\u017eblokuoti dal\u012f ar visus \u012fra\u0161ytus slapukus savo kompiuteriuose ar kituose \u012frenginiuose, pakeisdamas savo naudojamos nar\u0161ykl\u0117s nustatymus. Daugiau informacijos apie slapuk\u0173 i\u0161trynim\u0105 ar u\u017eblokavim\u0105 galima rasti naudojamos nar\u0161ykl\u0117s svetain\u0117je. Atkreipiame d\u0117mes\u012f, kad atlikus \u0161iuos veiksmus, kai kurios svetain\u0117s funkcijos gali dalinai arba visi\u0161kai nebeveikti bei b\u016bti neprieinamos. Svetain\u0117je gali b\u016bti naudojami tre\u010di\u0173j\u0173 \u0161ali\u0173 (partneri\u0173, statistikos rinkimo sistem\u0173, bendravimo sistem\u0173 ir pan.) \u012fskiepiai, kurie taip pat naudoja slapukus savo tinkamo funkcionalumo u\u017etikrinimui. Mes nekontroliuojame ir nesame atsakingi u\u017e tre\u010di\u0173j\u0173 \u0161ali\u0173 naudojamus slapukus, turin\u012f bei \u0161i\u0173 tinklapi\u0173 taikom\u0105 privatumo apsaug\u0105, su kuria kiekvienu atveju rekomenduojame susipa\u017einti individualiai.<\/p>\n<p><strong>Kontaktin\u0117 forma<\/strong><\/p>\n<p>J\u016bs\u0173 sutikimo teisiniu pagrindu, tvarkome asmens duomenis pateiktus kontaktin\u0117je formoje \u201cKontaktai\u201d: J\u016bs\u0173 vardas, telefonas, el. pa\u0161tas, J\u016bs\u0173 \u017einut\u0117. \u0160iuos duomenis tvarkome 2 metus, tam, kad gal\u0117tume atsakyti \u012f J\u016bs\u0173 u\u017eklausas, pateikti pasi\u016blymus ir kainas.<\/p>\n<p><strong>Duomen\u0173 gav\u0117jai<\/strong><\/p>\n<p>Mes galime pateikti J\u016bs\u0173 asmens duomenis duomen\u0173 tvarkytojams, kurie mums teikia paslaugas ir tvarko asmens duomenis m\u016bs\u0173 vardu ir naudai, teis\u0117saugos institucijoms, kai tam yra teisinis pagrindas.&nbsp;<\/p>\n<p>Asmens duomenys taip pat gali b\u016bti teikiami, atsakant \u012f oficialius valstyb\u0117s institucij\u0173 bei teismo pra\u0161ymus, ta\u010diau tik \u012fsitikinus \u0161i\u0173 pra\u0161ym\u0173 teis\u0117tumu.<\/p>\n<p><strong>J\u016bs\u0173 teis\u0117s&nbsp;<\/strong><\/p>\n<p>J\u016bs turite \u0161ias teises:<\/p>\n<ul>\n<li>teis\u0119 pra\u0161yti, kad leistume susipa\u017einti su asmens duomenimis ir juos i\u0161taisytume arba i\u0161trintume, arba apribotume duomen\u0173 tvarkym\u0105;<\/li>\n<li>teis\u0119 nesutikti, kad duomenys b\u016bt\u0173 tvarkomi;<\/li>\n<li>teis\u0119 \u012f duomen\u0173 perkeliamum\u0105;<\/li>\n<li>bet kuriuo metu at\u0161aukti sutikim\u0105;<\/li>\n<li>teis\u0119 pateikti skund\u0105 prie\u017ei\u016bros institucijai.<br><br><\/li>\n<\/ul>\n<p><strong>Tre\u010di\u0173j\u0173 \u0161ali\u0173 nuorodos<\/strong><\/p>\n<p>Interneto svetain\u0117je teikiamos nurodos \u012f tre\u010di\u0173j\u0173 \u0161ali\u0173 interneto svetaines, socialinius tinklus (galimyb\u0117 dalintis svetain\u0117s turiniu socialiniuose tinkluose Facebook ir Instagram). Tre\u010di\u0173j\u0173 \u0161ali\u0173 svetain\u0117ms, kuri\u0173 nuorodos pateikiamos svetain\u0117je, yra taikomos \u0161i\u0173 svetaini\u0173 privatumo politikos ir mes neprisiimame atsakomyb\u0117s u\u017e \u0161i\u0173 svetaini\u0173 pateiktos informacijos turin\u012f, j\u0173 veikl\u0105 bei j\u0173 privatumo politik\u0173 nuostatas.<\/p>\n<p><strong>contact us<\/strong><\/p>\n<p>Jei d\u0117l \u0161ioje Privatumo politikoje pateiktos informacijos jums i\u0161kilt\u0173 klausim\u0173, maloniai pra\u0161ome kreiptis: info@blackceramicscentre.lt<\/p>\n<\/div>\n<p>The Black Ceramics Center offers classes for people of all ages in an open ceramic workshop-gallery. In our workshop, the visitor will find a wide range of unique black ceramic products, from sculptural compositions to functional and original collections of dishes.<\/p>\n<p>Black pottery is a clay product fired in an outdoor kiln in a reducing atmosphere. Archaeologists find ceramic works fired with this technique in various countries all over the world, which suggests that this technique was very important in a certain period, connecting different cultures.<\/p>\t\t\t\t\t\t\t\t<\/div>\n\t\t\t\t<\/div>\n\t\t\t\t\t<\/div>\n\t\t<\/div>\n\t\t\t\t\t<\/div>\n\t\t<\/section>\n\t\t\t\t\t<\/div>\n\t\t<\/div>\n\t\t\t\t\t<\/div>\n\t\t<\/section>\n\t\t\t\t<\/div>","protected":false},"excerpt":{"rendered":"<p>Privatumo politika Privatumo politika Juodosios keramikos centras (Juodosios keramikos centras, V\u0161\u012e) gerbia \u0161ios interneto svetain\u0117s lankytoj\u0173 teis\u0119 \u012f privatum\u0105 ir \u012fsipareigoja u\u017etikrinti j\u0173 asmens duomen\u0173 apsaug\u0105. Teis\u0117s Palydovas taip pat r\u016bpinasi klient\u0173, kaip duomen\u0173 subjekt\u0173, teisi\u0173 u\u017etikrinimu. Tvarkydami Kliento asmens duomenis, mes laikom\u0117s teis\u0117s akt\u0173 reglamentuojan\u010di\u0173 asmens duomen\u0173 apsaug\u0105. Slapukai Slapukas (angl. cookie) \u2013 tai [&hellip;]<\/p>\n","protected":false},"author":2,"featured_media":0,"parent":0,"menu_order":0,"comment_status":"closed","ping_status":"closed","template":"elementor_header_footer","meta":{"footnotes":""},"class_list":["post-796","page","type-page","status-publish","hentry"],"_links":{"self":[{"href":"https:\/\/blackceramicscentre.lt\/en\/wp-json\/wp\/v2\/pages\/796"}],"collection":[{"href":"https:\/\/blackceramicscentre.lt\/en\/wp-json\/wp\/v2\/pages"}],"about":[{"href":"https:\/\/blackceramicscentre.lt\/en\/wp-json\/wp\/v2\/types\/page"}],"author":[{"embeddable":true,"href":"https:\/\/blackceramicscentre.lt\/en\/wp-json\/wp\/v2\/users\/2"}],"replies":[{"embeddable":true,"href":"https:\/\/blackceramicscentre.lt\/en\/wp-json\/wp\/v2\/comments?post=796"}],"version-history":[{"count":4,"href":"https:\/\/blackceramicscentre.lt\/en\/wp-json\/wp\/v2\/pages\/796\/revisions"}],"predecessor-version":[{"id":800,"href":"https:\/\/blackceramicscentre.lt\/en\/wp-json\/wp\/v2\/pages\/796\/revisions\/800"}],"wp:attachment":[{"href":"https:\/\/blackceramicscentre.lt\/en\/wp-json\/wp\/v2\/media?parent=796"}],"curies":[{"name":"wp","href":"https:\/\/api.w.org\/{rel}","templated":true}]}}