{"id":457,"date":"2023-11-09T16:09:38","date_gmt":"2023-11-09T16:09:38","guid":{"rendered":"https:\/\/blackceramicscentre.lt\/?page_id=457"},"modified":"2023-11-22T15:46:06","modified_gmt":"2023-11-22T15:46:06","slug":"auguste-sinkuniene","status":"publish","type":"page","link":"https:\/\/blackceramicscentre.lt\/en\/auguste-sinkuniene\/","title":{"rendered":"Auguste \u0160ink\u016bnien\u0117"},"content":{"rendered":"<style>.elementor-457 .elementor-element.elementor-element-3bbed0ce:not(.elementor-motion-effects-element-type-background), .elementor-457 .elementor-element.elementor-element-3bbed0ce > .elementor-motion-effects-container > .elementor-motion-effects-layer{background-image:url(\"https:\/\/blackceramicscentre.lt\/wp-content\/uploads\/2023\/11\/Bendra4-scaled.jpg\");background-position:0px 45%;background-repeat:no-repeat;background-size:cover;}.elementor-457 .elementor-element.elementor-element-3bbed0ce > .elementor-background-overlay{background-color:var( --e-global-color-text );opacity:0.5;transition:background 0.3s, border-radius 0.3s, opacity 0.3s;}.elementor-457 .elementor-element.elementor-element-3bbed0ce{transition:background 0.3s, border 0.3s, border-radius 0.3s, box-shadow 0.3s;padding:12em 1em 7em 1em;}.elementor-457 .elementor-element.elementor-element-634a4424{text-align:center;}.elementor-457 .elementor-element.elementor-element-634a4424 .elementor-heading-title{font-family:\"Playfair Display\", Sans-serif;font-size:68px;font-weight:500;line-height:1em;letter-spacing:-2px;color:var( --e-global-color-a291686 );}.elementor-457 .elementor-element.elementor-element-534356e > .elementor-background-overlay{opacity:0.5;}.elementor-457 .elementor-element.elementor-element-534356e{padding:6em 1em 7em 1em;}.elementor-457 .elementor-element.elementor-element-6ee3fa26 > .elementor-element-populated{border-style:solid;border-width:1px 1px 1px 1px;border-color:#9CAF9F;}.elementor-457 .elementor-element.elementor-element-6ee3fa26 > .elementor-element-populated, .elementor-457 .elementor-element.elementor-element-6ee3fa26 > .elementor-element-populated > .elementor-background-overlay, .elementor-457 .elementor-element.elementor-element-6ee3fa26 > .elementor-background-slideshow{border-radius:0px 0px 0px 0px;}.elementor-457 .elementor-element.elementor-element-157c500 img{width:100%;height:500px;object-fit:cover;object-position:center center;}.elementor-457 .elementor-element.elementor-element-157c500 > .elementor-widget-container{padding:10px 10px 10px 10px;}.elementor-bc-flex-widget .elementor-457 .elementor-element.elementor-element-16eac5f5.elementor-column .elementor-widget-wrap{align-items:center;}.elementor-457 .elementor-element.elementor-element-16eac5f5.elementor-column.elementor-element[data-element_type=\"column\"] > .elementor-widget-wrap.elementor-element-populated{align-content:center;align-items:center;}.elementor-457 .elementor-element.elementor-element-16eac5f5 > .elementor-element-populated{margin:0em 0em 0em 3em;--e-column-margin-right:0em;--e-column-margin-left:3em;}.elementor-457 .elementor-element.elementor-element-0aca1c7{--divider-border-style:solid;--divider-color:var( --e-global-color-accent );--divider-border-width:2px;}.elementor-457 .elementor-element.elementor-element-0aca1c7 .elementor-divider-separator{width:80px;margin:0 auto;margin-left:0;}.elementor-457 .elementor-element.elementor-element-0aca1c7 .elementor-divider{text-align:left;padding-block-start:10px;padding-block-end:10px;}.elementor-457 .elementor-element.elementor-element-bea7d6f:not(.elementor-motion-effects-element-type-background), .elementor-457 .elementor-element.elementor-element-bea7d6f > .elementor-motion-effects-container > .elementor-motion-effects-layer{background-color:#DEE0E13D;}.elementor-457 .elementor-element.elementor-element-bea7d6f{transition:background 0.3s, border 0.3s, border-radius 0.3s, box-shadow 0.3s;padding:3em 1em 3em 1em;}.elementor-457 .elementor-element.elementor-element-bea7d6f > .elementor-background-overlay{transition:background 0.3s, border-radius 0.3s, opacity 0.3s;}.elementor-457 .elementor-element.elementor-element-d4fd495{--divider-border-style:solid;--divider-color:var( --e-global-color-accent );--divider-border-width:1px;}.elementor-457 .elementor-element.elementor-element-d4fd495 .elementor-divider-separator{width:100%;}.elementor-457 .elementor-element.elementor-element-d4fd495 .elementor-divider{padding-block-start:0px;padding-block-end:0px;}.elementor-457 .elementor-element.elementor-element-d4fd495 .elementor-divider__text{font-family:var( --e-global-typography-5d167aa-font-family ), Sans-serif;font-size:var( --e-global-typography-5d167aa-font-size );font-weight:var( --e-global-typography-5d167aa-font-weight );line-height:var( --e-global-typography-5d167aa-line-height );letter-spacing:var( --e-global-typography-5d167aa-letter-spacing );word-spacing:var( --e-global-typography-5d167aa-word-spacing );}.elementor-457 .elementor-element.elementor-element-d4fd495 > .elementor-widget-container{padding:0em 0em 1em 0em;}.elementor-457 .elementor-element.elementor-element-896c91c.elementor-wc-products  ul.products{grid-column-gap:20px;grid-row-gap:20px;}.elementor-457 .elementor-element.elementor-element-896c91c.elementor-wc-products ul.products li.product{text-align:center;--button-align-display:flex;--button-align-direction:column;--button-align-justify:space-between;border-style:solid;border-width:1px 1px 1px 1px;padding:1em 1em 1em 1em;border-color:var( --e-global-color-accent );}.elementor-457 .elementor-element.elementor-element-896c91c.elementor-wc-products ul.products li.product .woocommerce-loop-product__title{color:var( --e-global-color-text );}.elementor-457 .elementor-element.elementor-element-896c91c.elementor-wc-products ul.products li.product .woocommerce-loop-category__title{color:var( --e-global-color-text );}.elementor-457 .elementor-element.elementor-element-896c91c.elementor-wc-products ul.products li.product .woocommerce-loop-product__title, .elementor-457 .elementor-element.elementor-element-896c91c.elementor-wc-products ul.products li.product .woocommerce-loop-category__title{font-family:var( --e-global-typography-7044a64-font-family ), Sans-serif;font-size:var( --e-global-typography-7044a64-font-size );font-weight:var( --e-global-typography-7044a64-font-weight );line-height:var( --e-global-typography-7044a64-line-height );letter-spacing:var( --e-global-typography-7044a64-letter-spacing );word-spacing:var( --e-global-typography-7044a64-word-spacing );}.elementor-457 .elementor-element.elementor-element-896c91c.elementor-wc-products ul.products li.product .star-rating{color:var( --e-global-color-a185853 );}.elementor-457 .elementor-element.elementor-element-896c91c.elementor-wc-products ul.products li.product .price{color:#9CAF9F;font-family:\"Heebo\", Sans-serif;font-size:18px;font-weight:700;text-transform:uppercase;letter-spacing:1px;}.elementor-457 .elementor-element.elementor-element-896c91c.elementor-wc-products ul.products li.product .price ins{color:#9CAF9F;}.elementor-457 .elementor-element.elementor-element-896c91c.elementor-wc-products ul.products li.product .price ins .amount{color:#9CAF9F;}.elementor-457 .elementor-element.elementor-element-896c91c.elementor-wc-products ul.products li.product .button{color:var( --e-global-color-a291686 );background-color:var( --e-global-color-accent );font-family:var( --e-global-typography-b2ce6af-font-family ), Sans-serif;font-size:var( --e-global-typography-b2ce6af-font-size );line-height:var( --e-global-typography-b2ce6af-line-height );letter-spacing:var( --e-global-typography-b2ce6af-letter-spacing );word-spacing:var( --e-global-typography-b2ce6af-word-spacing );border-radius:0px 0px 0px 0px;padding:0px 0px 0px 0px;}.elementor-457 .elementor-element.elementor-element-896c91c.elementor-wc-products ul.products li.product .button:hover{color:var( --e-global-color-text );background-color:var( --e-global-color-a185853 );}.elementor-457 .elementor-element.elementor-element-896c91c.elementor-wc-products .added_to_cart{margin-inline-start:25px;}.elementor-457 .elementor-element.elementor-element-896c91c.elementor-wc-products ul.products li.product:hover{box-shadow:0px 5px 10px 0px rgba(0, 0, 0, 0.15);border-color:var( --e-global-color-a291686 );}@media(max-width:1024px){.elementor-457 .elementor-element.elementor-element-3bbed0ce > .elementor-container{max-width:500px;}.elementor-457 .elementor-element.elementor-element-3bbed0ce:not(.elementor-motion-effects-element-type-background), .elementor-457 .elementor-element.elementor-element-3bbed0ce > .elementor-motion-effects-container > .elementor-motion-effects-layer{background-position:center center;}.elementor-457 .elementor-element.elementor-element-3bbed0ce{padding:10em 1em 5em 1em;}.elementor-457 .elementor-element.elementor-element-634a4424 .elementor-heading-title{font-size:48px;}.elementor-457 .elementor-element.elementor-element-534356e{padding:4em 1em 4em 1em;}.elementor-457 .elementor-element.elementor-element-157c500 img{height:480px;}.elementor-457 .elementor-element.elementor-element-16eac5f5 > .elementor-element-populated{margin:0em 0em 0em 1em;--e-column-margin-right:0em;--e-column-margin-left:1em;}.elementor-457 .elementor-element.elementor-element-0aca1c7 .elementor-divider{padding-block-start:0px;padding-block-end:0px;}.elementor-457 .elementor-element.elementor-element-2fbd017c > .elementor-widget-container{margin:0em 0em -1em 0em;}.elementor-457 .elementor-element.elementor-element-bea7d6f{padding:1em 1em 1em 1em;}.elementor-457 .elementor-element.elementor-element-d4fd495 .elementor-divider__text{font-size:var( --e-global-typography-5d167aa-font-size );line-height:var( --e-global-typography-5d167aa-line-height );letter-spacing:var( --e-global-typography-5d167aa-letter-spacing );word-spacing:var( --e-global-typography-5d167aa-word-spacing );}.elementor-457 .elementor-element.elementor-element-896c91c.elementor-wc-products  ul.products{grid-column-gap:10px;grid-row-gap:40px;}.elementor-457 .elementor-element.elementor-element-896c91c.elementor-wc-products ul.products li.product .woocommerce-loop-product__title, .elementor-457 .elementor-element.elementor-element-896c91c.elementor-wc-products ul.products li.product .woocommerce-loop-category__title{font-size:var( --e-global-typography-7044a64-font-size );line-height:var( --e-global-typography-7044a64-line-height );letter-spacing:var( --e-global-typography-7044a64-letter-spacing );word-spacing:var( --e-global-typography-7044a64-word-spacing );}.elementor-457 .elementor-element.elementor-element-896c91c.elementor-wc-products ul.products li.product .button{font-size:var( --e-global-typography-b2ce6af-font-size );line-height:var( --e-global-typography-b2ce6af-line-height );letter-spacing:var( --e-global-typography-b2ce6af-letter-spacing );word-spacing:var( --e-global-typography-b2ce6af-word-spacing );}.elementor-457 .elementor-element.elementor-element-896c91c.elementor-wc-products ul.products li.product{padding:1em 1em 1em 1em;}}@media(max-width:767px){.elementor-457 .elementor-element.elementor-element-3bbed0ce:not(.elementor-motion-effects-element-type-background), .elementor-457 .elementor-element.elementor-element-3bbed0ce > .elementor-motion-effects-container > .elementor-motion-effects-layer{background-position:center center;}.elementor-457 .elementor-element.elementor-element-3bbed0ce{padding:11em 1em 5em 1em;}.elementor-457 .elementor-element.elementor-element-34a5aa4.elementor-column > .elementor-widget-wrap{justify-content:center;}.elementor-457 .elementor-element.elementor-element-634a4424 .elementor-heading-title{font-size:38px;}.elementor-457 .elementor-element.elementor-element-534356e{padding:2em 1em 2em 1em;}.elementor-457 .elementor-element.elementor-element-157c500 img{height:300px;}.elementor-457 .elementor-element.elementor-element-16eac5f5 > .elementor-element-populated{margin:1em 0em 0em 0em;--e-column-margin-right:0em;--e-column-margin-left:0em;}.elementor-457 .elementor-element.elementor-element-2aca0b9a{text-align:start;}.elementor-457 .elementor-element.elementor-element-2fbd017c > .elementor-widget-container{margin:0em 0em -1em 0em;}.elementor-457 .elementor-element.elementor-element-d4fd495 .elementor-divider__text{font-size:var( --e-global-typography-5d167aa-font-size );line-height:var( --e-global-typography-5d167aa-line-height );letter-spacing:var( --e-global-typography-5d167aa-letter-spacing );word-spacing:var( --e-global-typography-5d167aa-word-spacing );}.elementor-457 .elementor-element.elementor-element-d4fd495 > .elementor-widget-container{padding:0em 0em 0em 0em;}.elementor-457 .elementor-element.elementor-element-896c91c.elementor-wc-products  ul.products{grid-column-gap:10px;grid-row-gap:10px;}.elementor-457 .elementor-element.elementor-element-896c91c.elementor-wc-products ul.products li.product .woocommerce-loop-product__title, .elementor-457 .elementor-element.elementor-element-896c91c.elementor-wc-products ul.products li.product .woocommerce-loop-category__title{font-size:var( --e-global-typography-7044a64-font-size );line-height:var( --e-global-typography-7044a64-line-height );letter-spacing:var( --e-global-typography-7044a64-letter-spacing );word-spacing:var( --e-global-typography-7044a64-word-spacing );}.elementor-457 .elementor-element.elementor-element-896c91c.elementor-wc-products ul.products li.product .price{font-size:14px;}.elementor-457 .elementor-element.elementor-element-896c91c.elementor-wc-products ul.products li.product .button{font-size:var( --e-global-typography-b2ce6af-font-size );line-height:var( --e-global-typography-b2ce6af-line-height );letter-spacing:var( --e-global-typography-b2ce6af-letter-spacing );word-spacing:var( --e-global-typography-b2ce6af-word-spacing );}}<\/style>\t\t<div data-elementor-type=\"wp-page\" data-elementor-id=\"457\" class=\"elementor elementor-457\" data-elementor-post-type=\"page\">\n\t\t\t\t\t\t<section class=\"elementor-section elementor-top-section elementor-element elementor-element-3bbed0ce elementor-section-boxed elementor-section-height-default elementor-section-height-default\" data-id=\"3bbed0ce\" data-element_type=\"section\" data-e-type=\"section\" data-settings=\"{&quot;background_background&quot;:&quot;classic&quot;}\">\n\t\t\t\t\t\t\t<div class=\"elementor-background-overlay\"><\/div>\n\t\t\t\t\t\t\t<div class=\"elementor-container elementor-column-gap-default\">\n\t\t\t\t\t<div class=\"elementor-column elementor-col-100 elementor-top-column elementor-element elementor-element-34a5aa4\" data-id=\"34a5aa4\" data-element_type=\"column\" data-e-type=\"column\">\n\t\t\t<div class=\"elementor-widget-wrap elementor-element-populated\">\n\t\t\t\t\t\t<div class=\"elementor-element elementor-element-634a4424 elementor-invisible elementor-widget elementor-widget-heading\" data-id=\"634a4424\" data-element_type=\"widget\" data-e-type=\"widget\" data-settings=\"{&quot;_animation&quot;:&quot;fadeInDown&quot;}\" data-widget_type=\"heading.default\">\n\t\t\t\t<div class=\"elementor-widget-container\">\n\t\t\t\t\t<h2 class=\"elementor-heading-title elementor-size-default\">Keramikos autor\u0117<\/h2>\t\t\t\t<\/div>\n\t\t\t\t<\/div>\n\t\t\t\t\t<\/div>\n\t\t<\/div>\n\t\t\t\t\t<\/div>\n\t\t<\/section>\n\t\t\t\t<section class=\"elementor-section elementor-top-section elementor-element elementor-element-534356e elementor-section-boxed elementor-section-height-default elementor-section-height-default\" data-id=\"534356e\" data-element_type=\"section\" data-e-type=\"section\">\n\t\t\t\t\t\t\t<div class=\"elementor-background-overlay\"><\/div>\n\t\t\t\t\t\t\t<div class=\"elementor-container elementor-column-gap-default\">\n\t\t\t\t\t<div class=\"elementor-column elementor-col-50 elementor-top-column elementor-element elementor-element-6ee3fa26 sticky-parent elementor-invisible\" data-id=\"6ee3fa26\" data-element_type=\"column\" data-e-type=\"column\" data-settings=\"{&quot;animation&quot;:&quot;slideInLeft&quot;}\">\n\t\t\t<div class=\"elementor-widget-wrap elementor-element-populated\">\n\t\t\t\t\t\t<div class=\"elementor-element elementor-element-157c500 sticky-column elementor-widget elementor-widget-image\" data-id=\"157c500\" data-element_type=\"widget\" data-e-type=\"widget\" data-widget_type=\"image.default\">\n\t\t\t\t<div class=\"elementor-widget-container\">\n\t\t\t\t\t\t\t\t\t\t\t\t\t\t\t<img fetchpriority=\"high\" decoding=\"async\" width=\"600\" height=\"600\" src=\"https:\/\/blackceramicscentre.lt\/wp-content\/uploads\/2023\/11\/keramikos-autoriai-auguste.jpg\" class=\"attachment-full size-full wp-image-655\" alt=\"\" srcset=\"https:\/\/blackceramicscentre.lt\/wp-content\/uploads\/2023\/11\/keramikos-autoriai-auguste.jpg 600w, https:\/\/blackceramicscentre.lt\/wp-content\/uploads\/2023\/11\/keramikos-autoriai-auguste-300x300.jpg 300w, https:\/\/blackceramicscentre.lt\/wp-content\/uploads\/2023\/11\/keramikos-autoriai-auguste-150x150.jpg 150w, https:\/\/blackceramicscentre.lt\/wp-content\/uploads\/2023\/11\/keramikos-autoriai-auguste-100x100.jpg 100w\" sizes=\"(max-width: 600px) 100vw, 600px\" \/>\t\t\t\t\t\t\t\t\t\t\t\t\t\t\t<\/div>\n\t\t\t\t<\/div>\n\t\t\t\t\t<\/div>\n\t\t<\/div>\n\t\t\t\t<div class=\"elementor-column elementor-col-50 elementor-top-column elementor-element elementor-element-16eac5f5\" data-id=\"16eac5f5\" data-element_type=\"column\" data-e-type=\"column\">\n\t\t\t<div class=\"elementor-widget-wrap elementor-element-populated\">\n\t\t\t\t\t\t<div class=\"elementor-element elementor-element-2aca0b9a elementor-invisible elementor-widget elementor-widget-heading\" data-id=\"2aca0b9a\" data-element_type=\"widget\" data-e-type=\"widget\" data-settings=\"{&quot;_animation&quot;:&quot;fadeInUp&quot;}\" data-widget_type=\"heading.default\">\n\t\t\t\t<div class=\"elementor-widget-container\">\n\t\t\t\t\t<h2 class=\"elementor-heading-title elementor-size-default\">August\u0117 \u0160ink\u016bnien\u0117<\/h2>\t\t\t\t<\/div>\n\t\t\t\t<\/div>\n\t\t\t\t<div class=\"elementor-element elementor-element-0aca1c7 elementor-widget-divider--view-line elementor-widget elementor-widget-divider\" data-id=\"0aca1c7\" data-element_type=\"widget\" data-e-type=\"widget\" data-widget_type=\"divider.default\">\n\t\t\t\t<div class=\"elementor-widget-container\">\n\t\t\t\t\t\t\t<div class=\"elementor-divider\">\n\t\t\t<span class=\"elementor-divider-separator\">\n\t\t\t\t\t\t<\/span>\n\t\t<\/div>\n\t\t\t\t\t\t<\/div>\n\t\t\t\t<\/div>\n\t\t\t\t<div class=\"elementor-element elementor-element-2fbd017c elementor-widget elementor-widget-text-editor\" data-id=\"2fbd017c\" data-element_type=\"widget\" data-e-type=\"widget\" data-widget_type=\"text-editor.default\">\n\t\t\t\t<div class=\"elementor-widget-container\">\n\t\t\t\t\t\t\t\t\t<p>\u012esitraukiau \u012f dail\u0117s pasaul\u012f jau nuo vaikyst\u0117s.<\/p><p>Baigiau Tuskul\u0117n\u0173 gimnazij\u0105 su sustiprinta dail\u0117s pakraipa.<\/p><p>Po mokyklos pasirinkau gamtos mokslus (geografij\u0105), nes gamt\u0105 mane tiek pat stipriai domino, kaip ir menai.<\/p><p>Taip pat studijavau interjero dizain\u0105 Vilniaus dizaino kolegijoje. Kur\u012f laik\u0105 u\u017esiemiau floristika.<\/p><p>Ilgus metus, nuo 2000 m. iki dabar, dalyvauju Juodosios keramikos centro veikloje, k\u016briu, dirbu galerijoje, dalyvauju Vilniaus miesto \u0161vent\u0117se.\u00a0 \u00a0<\/p>\t\t\t\t\t\t\t\t<\/div>\n\t\t\t\t<\/div>\n\t\t\t\t\t<\/div>\n\t\t<\/div>\n\t\t\t\t\t<\/div>\n\t\t<\/section>\n\t\t\t\t<section class=\"elementor-section elementor-top-section elementor-element elementor-element-bea7d6f elementor-section-boxed elementor-section-height-default elementor-section-height-default\" data-id=\"bea7d6f\" data-element_type=\"section\" data-e-type=\"section\" data-settings=\"{&quot;background_background&quot;:&quot;classic&quot;}\">\n\t\t\t\t\t\t<div class=\"elementor-container elementor-column-gap-default\">\n\t\t\t\t\t<div class=\"elementor-column elementor-col-100 elementor-top-column elementor-element elementor-element-c211554\" data-id=\"c211554\" data-element_type=\"column\" data-e-type=\"column\">\n\t\t\t<div class=\"elementor-widget-wrap elementor-element-populated\">\n\t\t\t\t\t\t<div class=\"elementor-element elementor-element-d4fd495 elementor-widget-divider--view-line_text elementor-widget-divider--element-align-left elementor-widget elementor-widget-divider\" data-id=\"d4fd495\" data-element_type=\"widget\" data-e-type=\"widget\" data-widget_type=\"divider.default\">\n\t\t\t\t<div class=\"elementor-widget-container\">\n\t\t\t\t\t\t\t<div class=\"elementor-divider\">\n\t\t\t<span class=\"elementor-divider-separator\">\n\t\t\t\t\t\t\t<span class=\"elementor-divider__text elementor-divider__element\">\n\t\t\t\tKeramiko dirbiniai\t\t\t\t<\/span>\n\t\t\t\t\t\t<\/span>\n\t\t<\/div>\n\t\t\t\t\t\t<\/div>\n\t\t\t\t<\/div>\n\t\t\t\t<div class=\"elementor-element elementor-element-896c91c elementor-product-loop-item--align-center elementor-grid-tablet-4 elementor-grid-4 elementor-grid-mobile-2 elementor-products-grid elementor-wc-products elementor-show-pagination-border-yes elementor-widget elementor-widget-woocommerce-products\" data-id=\"896c91c\" data-element_type=\"widget\" data-e-type=\"widget\" data-widget_type=\"woocommerce-products.default\">\n\t\t\t\t<div class=\"elementor-widget-container\">\n\t\t\t\t\t<div class=\"woocommerce columns-4 \"><div class=\"woocommerce-notices-wrapper\"><\/div><ul class=\"products elementor-grid columns-4\">\n<li class=\"product type-product post-204 status-publish first instock product_cat-auguste-sinkuniene has-post-thumbnail virtual product-type-simple\">\n\t<a href=\"https:\/\/blackceramicscentre.lt\/en\/product\/produktas-5\/\" class=\"woocommerce-LoopProduct-link woocommerce-loop-product__link\"><img decoding=\"async\" width=\"300\" height=\"300\" src=\"https:\/\/blackceramicscentre.lt\/wp-content\/uploads\/2023\/11\/Dirbinys-auguste-3-300x300.jpg\" class=\"attachment-woocommerce_thumbnail size-woocommerce_thumbnail\" alt=\"\" srcset=\"https:\/\/blackceramicscentre.lt\/wp-content\/uploads\/2023\/11\/Dirbinys-auguste-3-300x300.jpg 300w, https:\/\/blackceramicscentre.lt\/wp-content\/uploads\/2023\/11\/Dirbinys-auguste-3-150x150.jpg 150w, https:\/\/blackceramicscentre.lt\/wp-content\/uploads\/2023\/11\/Dirbinys-auguste-3-100x100.jpg 100w\" sizes=\"(max-width: 300px) 100vw, 300px\" \/><h2 class=\"woocommerce-loop-product__title\">Produktas 5<\/h2>\n<\/a><div class=\"woocommerce-loop-product__buttons\"><a href=\"https:\/\/blackceramicscentre.lt\/en\/product\/produktas-5\/\" aria-describedby=\"woocommerce_loop_add_to_cart_link_describedby_204\" data-quantity=\"1\" class=\"button product_type_simple\" data-product_id=\"204\" data-product_sku=\"\" aria-label=\"Read more about &ldquo;Produktas 5&rdquo;\" rel=\"nofollow\">Read more<\/a><\/div><span id=\"woocommerce_loop_add_to_cart_link_describedby_204\" class=\"screen-reader-text\">\n\t<\/span>\n<\/li>\n<li class=\"product type-product post-202 status-publish instock product_cat-auguste-sinkuniene has-post-thumbnail virtual product-type-simple\">\n\t<a href=\"https:\/\/blackceramicscentre.lt\/en\/product\/produktas-4\/\" class=\"woocommerce-LoopProduct-link woocommerce-loop-product__link\"><img decoding=\"async\" width=\"300\" height=\"300\" src=\"https:\/\/blackceramicscentre.lt\/wp-content\/uploads\/2023\/11\/Dirbinys-auguste-2-300x300.jpg\" class=\"attachment-woocommerce_thumbnail size-woocommerce_thumbnail\" alt=\"\" srcset=\"https:\/\/blackceramicscentre.lt\/wp-content\/uploads\/2023\/11\/Dirbinys-auguste-2-300x300.jpg 300w, https:\/\/blackceramicscentre.lt\/wp-content\/uploads\/2023\/11\/Dirbinys-auguste-2-150x150.jpg 150w, https:\/\/blackceramicscentre.lt\/wp-content\/uploads\/2023\/11\/Dirbinys-auguste-2-100x100.jpg 100w\" sizes=\"(max-width: 300px) 100vw, 300px\" \/><h2 class=\"woocommerce-loop-product__title\">Produktas 4<\/h2>\n<\/a><div class=\"woocommerce-loop-product__buttons\"><a href=\"https:\/\/blackceramicscentre.lt\/en\/product\/produktas-4\/\" aria-describedby=\"woocommerce_loop_add_to_cart_link_describedby_202\" data-quantity=\"1\" class=\"button product_type_simple\" data-product_id=\"202\" data-product_sku=\"\" aria-label=\"Read more about &ldquo;Produktas 4&rdquo;\" rel=\"nofollow\">Read more<\/a><\/div><span id=\"woocommerce_loop_add_to_cart_link_describedby_202\" class=\"screen-reader-text\">\n\t<\/span>\n<\/li>\n<li class=\"product type-product post-200 status-publish instock product_cat-auguste-sinkuniene has-post-thumbnail virtual product-type-simple\">\n\t<a href=\"https:\/\/blackceramicscentre.lt\/en\/product\/produktas-3\/\" class=\"woocommerce-LoopProduct-link woocommerce-loop-product__link\"><img loading=\"lazy\" decoding=\"async\" width=\"300\" height=\"300\" src=\"https:\/\/blackceramicscentre.lt\/wp-content\/uploads\/2023\/11\/Dirbinys-auguste-1-300x300.jpg\" class=\"attachment-woocommerce_thumbnail size-woocommerce_thumbnail\" alt=\"\" srcset=\"https:\/\/blackceramicscentre.lt\/wp-content\/uploads\/2023\/11\/Dirbinys-auguste-1-300x300.jpg 300w, https:\/\/blackceramicscentre.lt\/wp-content\/uploads\/2023\/11\/Dirbinys-auguste-1-150x150.jpg 150w, https:\/\/blackceramicscentre.lt\/wp-content\/uploads\/2023\/11\/Dirbinys-auguste-1-100x100.jpg 100w\" sizes=\"(max-width: 300px) 100vw, 300px\" \/><h2 class=\"woocommerce-loop-product__title\">Produktas 3<\/h2>\n<\/a><div class=\"woocommerce-loop-product__buttons\"><a href=\"https:\/\/blackceramicscentre.lt\/en\/product\/produktas-3\/\" aria-describedby=\"woocommerce_loop_add_to_cart_link_describedby_200\" data-quantity=\"1\" class=\"button product_type_simple\" data-product_id=\"200\" data-product_sku=\"\" aria-label=\"Read more about &ldquo;Produktas 3&rdquo;\" rel=\"nofollow\">Read more<\/a><\/div><span id=\"woocommerce_loop_add_to_cart_link_describedby_200\" class=\"screen-reader-text\">\n\t<\/span>\n<\/li>\n<\/ul>\n<\/div>\t\t\t\t<\/div>\n\t\t\t\t<\/div>\n\t\t\t\t\t<\/div>\n\t\t<\/div>\n\t\t\t\t\t<\/div>\n\t\t<\/section>\n\t\t\t\t<\/div>\n\t\t","protected":false},"excerpt":{"rendered":"<p>Keramikos autor\u0117 August\u0117 \u0160ink\u016bnien\u0117 \u012esitraukiau \u012f dail\u0117s pasaul\u012f jau nuo vaikyst\u0117s. Baigiau Tuskul\u0117n\u0173 gimnazij\u0105 su sustiprinta dail\u0117s pakraipa. Po mokyklos pasirinkau gamtos mokslus (geografij\u0105), nes gamt\u0105 mane tiek pat stipriai domino, kaip ir menai. Taip pat studijavau interjero dizain\u0105 Vilniaus dizaino kolegijoje. Kur\u012f laik\u0105 u\u017esiemiau floristika. Ilgus metus, nuo 2000 m. iki dabar, dalyvauju Juodosios [&hellip;]<\/p>\n","protected":false},"author":2,"featured_media":0,"parent":0,"menu_order":0,"comment_status":"closed","ping_status":"closed","template":"elementor_header_footer","meta":{"footnotes":""},"class_list":["post-457","page","type-page","status-publish","hentry"],"_links":{"self":[{"href":"https:\/\/blackceramicscentre.lt\/en\/wp-json\/wp\/v2\/pages\/457"}],"collection":[{"href":"https:\/\/blackceramicscentre.lt\/en\/wp-json\/wp\/v2\/pages"}],"about":[{"href":"https:\/\/blackceramicscentre.lt\/en\/wp-json\/wp\/v2\/types\/page"}],"author":[{"embeddable":true,"href":"https:\/\/blackceramicscentre.lt\/en\/wp-json\/wp\/v2\/users\/2"}],"replies":[{"embeddable":true,"href":"https:\/\/blackceramicscentre.lt\/en\/wp-json\/wp\/v2\/comments?post=457"}],"version-history":[{"count":19,"href":"https:\/\/blackceramicscentre.lt\/en\/wp-json\/wp\/v2\/pages\/457\/revisions"}],"predecessor-version":[{"id":862,"href":"https:\/\/blackceramicscentre.lt\/en\/wp-json\/wp\/v2\/pages\/457\/revisions\/862"}],"wp:attachment":[{"href":"https:\/\/blackceramicscentre.lt\/en\/wp-json\/wp\/v2\/media?parent=457"}],"curies":[{"name":"wp","href":"https:\/\/api.w.org\/{rel}","templated":true}]}}