{"id":337,"date":"2023-11-09T14:33:50","date_gmt":"2023-11-09T14:33:50","guid":{"rendered":"https:\/\/blackceramicscentre.lt\/?page_id=337"},"modified":"2026-05-03T19:32:41","modified_gmt":"2026-05-03T19:32:41","slug":"eugenijus-paukste","status":"publish","type":"page","link":"https:\/\/blackceramicscentre.lt\/en\/eugenijus-paukste\/","title":{"rendered":"Eugenijus Pauk\u0161t\u0117"},"content":{"rendered":"<div data-elementor-type=\"wp-page\" data-elementor-id=\"337\" class=\"elementor elementor-337\" data-elementor-post-type=\"page\">\n\t\t\t\t\t\t<section class=\"elementor-section elementor-top-section elementor-element elementor-element-3bbed0ce elementor-section-boxed elementor-section-height-default elementor-section-height-default\" data-id=\"3bbed0ce\" data-element_type=\"section\" data-e-type=\"section\" data-settings=\"{&quot;background_background&quot;:&quot;classic&quot;}\">\n\t\t\t\t\t\t\t<div class=\"elementor-background-overlay\"><\/div>\n\t\t\t\t\t\t\t<div class=\"elementor-container elementor-column-gap-default\">\n\t\t\t\t\t<div class=\"elementor-column elementor-col-100 elementor-top-column elementor-element elementor-element-34a5aa4\" data-id=\"34a5aa4\" data-element_type=\"column\" data-e-type=\"column\">\n\t\t\t<div class=\"elementor-widget-wrap elementor-element-populated\">\n\t\t\t\t\t\t<div class=\"elementor-element elementor-element-634a4424 elementor-invisible elementor-widget elementor-widget-heading\" data-id=\"634a4424\" data-element_type=\"widget\" data-e-type=\"widget\" data-settings=\"{&quot;_animation&quot;:&quot;fadeInDown&quot;}\" data-widget_type=\"heading.default\">\n\t\t\t\t<div class=\"elementor-widget-container\">\n\t\t\t\t\t<h2 class=\"elementor-heading-title elementor-size-default\">Ceramic author<\/h2>\t\t\t\t<\/div>\n\t\t\t\t<\/div>\n\t\t\t\t\t<\/div>\n\t\t<\/div>\n\t\t\t\t\t<\/div>\n\t\t<\/section>\n\t\t\t\t<section class=\"elementor-section elementor-top-section elementor-element elementor-element-534356e elementor-section-boxed elementor-section-height-default elementor-section-height-default\" data-id=\"534356e\" data-element_type=\"section\" data-e-type=\"section\">\n\t\t\t\t\t\t\t<div class=\"elementor-background-overlay\"><\/div>\n\t\t\t\t\t\t\t<div class=\"elementor-container elementor-column-gap-default\">\n\t\t\t\t\t<div class=\"elementor-column elementor-col-50 elementor-top-column elementor-element elementor-element-6ee3fa26 sticky-parent elementor-invisible\" data-id=\"6ee3fa26\" data-element_type=\"column\" data-e-type=\"column\" data-settings=\"{&quot;animation&quot;:&quot;slideInLeft&quot;}\">\n\t\t\t<div class=\"elementor-widget-wrap elementor-element-populated\">\n\t\t\t\t\t\t<div class=\"elementor-element elementor-element-157c500 sticky-column elementor-widget elementor-widget-image\" data-id=\"157c500\" data-element_type=\"widget\" data-e-type=\"widget\" data-widget_type=\"image.default\">\n\t\t\t\t<div class=\"elementor-widget-container\">\n\t\t\t\t\t\t\t\t\t\t\t\t\t\t\t<img fetchpriority=\"high\" decoding=\"async\" width=\"600\" height=\"600\" src=\"https:\/\/blackceramicscentre.lt\/wp-content\/uploads\/2023\/11\/autoriai-eugenijus-2.jpg\" class=\"attachment-full size-full wp-image-184\" alt=\"\" srcset=\"https:\/\/blackceramicscentre.lt\/wp-content\/uploads\/2023\/11\/autoriai-eugenijus-2.jpg 600w, https:\/\/blackceramicscentre.lt\/wp-content\/uploads\/2023\/11\/autoriai-eugenijus-2-300x300.jpg 300w, https:\/\/blackceramicscentre.lt\/wp-content\/uploads\/2023\/11\/autoriai-eugenijus-2-150x150.jpg 150w, https:\/\/blackceramicscentre.lt\/wp-content\/uploads\/2023\/11\/autoriai-eugenijus-2-100x100.jpg 100w\" sizes=\"(max-width: 600px) 100vw, 600px\" \/>\t\t\t\t\t\t\t\t\t\t\t\t\t\t\t<\/div>\n\t\t\t\t<\/div>\n\t\t\t\t\t<\/div>\n\t\t<\/div>\n\t\t\t\t<div class=\"elementor-column elementor-col-50 elementor-top-column elementor-element elementor-element-16eac5f5\" data-id=\"16eac5f5\" data-element_type=\"column\" data-e-type=\"column\">\n\t\t\t<div class=\"elementor-widget-wrap elementor-element-populated\">\n\t\t\t\t\t\t<div class=\"elementor-element elementor-element-2aca0b9a elementor-invisible elementor-widget elementor-widget-heading\" data-id=\"2aca0b9a\" data-element_type=\"widget\" data-e-type=\"widget\" data-settings=\"{&quot;_animation&quot;:&quot;fadeInUp&quot;}\" data-widget_type=\"heading.default\">\n\t\t\t\t<div class=\"elementor-widget-container\">\n\t\t\t\t\t<h2 class=\"elementor-heading-title elementor-size-default\">Eugenijus Pauk\u0161t\u0117<\/h2>\t\t\t\t<\/div>\n\t\t\t\t<\/div>\n\t\t\t\t<div class=\"elementor-element elementor-element-0aca1c7 elementor-widget-divider--view-line elementor-widget elementor-widget-divider\" data-id=\"0aca1c7\" data-element_type=\"widget\" data-e-type=\"widget\" data-widget_type=\"divider.default\">\n\t\t\t\t<div class=\"elementor-widget-container\">\n\t\t\t\t\t\t\t<div class=\"elementor-divider\">\n\t\t\t<span class=\"elementor-divider-separator\">\n\t\t\t\t\t\t<\/span>\n\t\t<\/div>\n\t\t\t\t\t\t<\/div>\n\t\t\t\t<\/div>\n\t\t\t\t<div class=\"elementor-element elementor-element-2fbd017c elementor-widget elementor-widget-text-editor\" data-id=\"2fbd017c\" data-element_type=\"widget\" data-e-type=\"widget\" data-widget_type=\"text-editor.default\">\n\t\t\t\t<div class=\"elementor-widget-container\">\n\t\t\t\t\t\t\t\t\t<p>I was born in Vilnius, I studied at A. Vienuolis secondary school, where I started my career as a ceramicist in the school&#039;s ceramics studio.<\/p><p>I studied construction work organization and economics at Vilnius Gediminas technical university. During my studies, I attended an evening art school. After graduating, I worked at the Vilnius House Building Combine, the Vilnius Architectural Monuments Restoration Trust, and the Vilnius Combine \"Dail\u0117\". While working at \"Dail\u0117\", I learned about the method of firing black ceramics.<\/p><p>I was enchanted by the magic of this pottery and I started making these types of firings myself in the homestead.<\/p><p>In 1986 I became a member of the Union of Folk Artists. I participated in many international and republican ceramics exhibitions held in Lithuania, Poland, Denmark, Holland, South Korea and other countries of the world.<\/p><p>I organized 12 personal exhibitions in Lithuania and one at the Lithuanian Embassy in Helsinki.<\/p><p>For the preservation of black ceramics and the dissemination of this experience in 1995, with my colleagues, we founded the Black Ceramics Centre, which in 1999 became a member of the International Academy of Ceramics, and in 2000 the centre was given the name of a UNESCO club.<\/p><p>1999-2000 I was awarded the state prize for art and culture. In 2005 I was granted the status of artist, in 2010 the national heritage master certificate.<\/p><p>In 2022 I was awarded a one-year creative scholarship by the Cultural Council.<\/p><p>My creative works have been purchased by the National Museum of Lithuania, the World Organizational Committee for Ceramic Works WOCEK (South Korea) and private collectors.<\/p>\t\t\t\t\t\t\t\t<\/div>\n\t\t\t\t<\/div>\n\t\t\t\t\t<\/div>\n\t\t<\/div>\n\t\t\t\t\t<\/div>\n\t\t<\/section>\n\t\t\t\t<section class=\"elementor-section elementor-top-section elementor-element elementor-element-bea7d6f elementor-section-boxed elementor-section-height-default elementor-section-height-default\" data-id=\"bea7d6f\" data-element_type=\"section\" data-e-type=\"section\" data-settings=\"{&quot;background_background&quot;:&quot;classic&quot;}\">\n\t\t\t\t\t\t<div class=\"elementor-container elementor-column-gap-default\">\n\t\t\t\t\t<div class=\"elementor-column elementor-col-100 elementor-top-column elementor-element elementor-element-c211554\" data-id=\"c211554\" data-element_type=\"column\" data-e-type=\"column\">\n\t\t\t<div class=\"elementor-widget-wrap elementor-element-populated\">\n\t\t\t\t\t\t<div class=\"elementor-element elementor-element-d4fd495 elementor-widget-divider--view-line_text elementor-widget-divider--element-align-left elementor-widget elementor-widget-divider\" data-id=\"d4fd495\" data-element_type=\"widget\" data-e-type=\"widget\" data-widget_type=\"divider.default\">\n\t\t\t\t<div class=\"elementor-widget-container\">\n\t\t\t\t\t\t\t<div class=\"elementor-divider\">\n\t\t\t<span class=\"elementor-divider-separator\">\n\t\t\t\t\t\t\t<span class=\"elementor-divider__text elementor-divider__element\">\n\t\t\t\tDarbai\t\t\t\t<\/span>\n\t\t\t\t\t\t<\/span>\n\t\t<\/div>\n\t\t\t\t\t\t<\/div>\n\t\t\t\t<\/div>\n\t\t\t\t\t<\/div>\n\t\t<\/div>\n\t\t\t\t\t<\/div>\n\t\t<\/section>\n\t\t\t\t<\/div>","protected":false},"excerpt":{"rendered":"<p>Keramikos autorius Eugenijus Pauk\u0161t\u0117 Gimiau Vilniuje, mokiausi A. Vienuolio vardo vidurin\u0117je mokykloje, kur ir prad\u0117jau savo keramiko keli\u0105 mokyklos keramikos studijoje. Studijavau statybos darb\u0173 organizavim\u0105 ir ekonomik\u0105 Vilniaus Gedimino technikos universitete. Studijuodamas lankiau vakarin\u0119 dail\u0117s mokykl\u0105. Baig\u0119s dirbau Vilniaus nam\u0173 statybos kombinate, Vilniaus architekt\u016bros paminkl\u0173 restauravimo treste, Vilniaus kombinate \u201eDail\u0117\u201c. Dirbdamas kombinate \u201eDail\u0117\u201c su\u017einojau apie [&hellip;]<\/p>\n","protected":false},"author":2,"featured_media":0,"parent":0,"menu_order":0,"comment_status":"closed","ping_status":"closed","template":"elementor_header_footer","meta":{"footnotes":""},"class_list":["post-337","page","type-page","status-publish","hentry"],"_links":{"self":[{"href":"https:\/\/blackceramicscentre.lt\/en\/wp-json\/wp\/v2\/pages\/337","targetHints":{"allow":["GET"]}}],"collection":[{"href":"https:\/\/blackceramicscentre.lt\/en\/wp-json\/wp\/v2\/pages"}],"about":[{"href":"https:\/\/blackceramicscentre.lt\/en\/wp-json\/wp\/v2\/types\/page"}],"author":[{"embeddable":true,"href":"https:\/\/blackceramicscentre.lt\/en\/wp-json\/wp\/v2\/users\/2"}],"replies":[{"embeddable":true,"href":"https:\/\/blackceramicscentre.lt\/en\/wp-json\/wp\/v2\/comments?post=337"}],"version-history":[{"count":31,"href":"https:\/\/blackceramicscentre.lt\/en\/wp-json\/wp\/v2\/pages\/337\/revisions"}],"predecessor-version":[{"id":972,"href":"https:\/\/blackceramicscentre.lt\/en\/wp-json\/wp\/v2\/pages\/337\/revisions\/972"}],"wp:attachment":[{"href":"https:\/\/blackceramicscentre.lt\/en\/wp-json\/wp\/v2\/media?parent=337"}],"curies":[{"name":"wp","href":"https:\/\/api.w.org\/{rel}","templated":true}]}}