{"id":308,"date":"2023-11-09T14:13:23","date_gmt":"2023-11-09T14:13:23","guid":{"rendered":"https:\/\/blackceramicscentre.lt\/?page_id=308"},"modified":"2026-05-03T19:33:40","modified_gmt":"2026-05-03T19:33:40","slug":"ieva-paukstyte-schinello","status":"publish","type":"page","link":"https:\/\/blackceramicscentre.lt\/en\/ieva-paukstyte-schinello\/","title":{"rendered":"Ieva Pauk\u0161tyt\u0117-Schinello"},"content":{"rendered":"<div data-elementor-type=\"wp-page\" data-elementor-id=\"308\" class=\"elementor elementor-308\" data-elementor-post-type=\"page\">\n\t\t\t\t\t\t<section class=\"elementor-section elementor-top-section elementor-element elementor-element-3bbed0ce elementor-section-boxed elementor-section-height-default elementor-section-height-default\" data-id=\"3bbed0ce\" data-element_type=\"section\" data-e-type=\"section\" data-settings=\"{&quot;background_background&quot;:&quot;classic&quot;}\">\n\t\t\t\t\t\t\t<div class=\"elementor-background-overlay\"><\/div>\n\t\t\t\t\t\t\t<div class=\"elementor-container elementor-column-gap-default\">\n\t\t\t\t\t<div class=\"elementor-column elementor-col-100 elementor-top-column elementor-element elementor-element-34a5aa4\" data-id=\"34a5aa4\" data-element_type=\"column\" data-e-type=\"column\">\n\t\t\t<div class=\"elementor-widget-wrap elementor-element-populated\">\n\t\t\t\t\t\t<div class=\"elementor-element elementor-element-634a4424 elementor-invisible elementor-widget elementor-widget-heading\" data-id=\"634a4424\" data-element_type=\"widget\" data-e-type=\"widget\" data-settings=\"{&quot;_animation&quot;:&quot;fadeInDown&quot;}\" data-widget_type=\"heading.default\">\n\t\t\t\t<div class=\"elementor-widget-container\">\n\t\t\t\t\t<h2 class=\"elementor-heading-title elementor-size-default\">The author of ceramics<\/h2>\t\t\t\t<\/div>\n\t\t\t\t<\/div>\n\t\t\t\t\t<\/div>\n\t\t<\/div>\n\t\t\t\t\t<\/div>\n\t\t<\/section>\n\t\t\t\t<section class=\"elementor-section elementor-top-section elementor-element elementor-element-534356e elementor-section-boxed elementor-section-height-default elementor-section-height-default\" data-id=\"534356e\" data-element_type=\"section\" data-e-type=\"section\">\n\t\t\t\t\t\t\t<div class=\"elementor-background-overlay\"><\/div>\n\t\t\t\t\t\t\t<div class=\"elementor-container elementor-column-gap-default\">\n\t\t\t\t\t<div class=\"elementor-column elementor-col-50 elementor-top-column elementor-element elementor-element-6ee3fa26 sticky-parent elementor-invisible\" data-id=\"6ee3fa26\" data-element_type=\"column\" data-e-type=\"column\" data-settings=\"{&quot;animation&quot;:&quot;slideInLeft&quot;}\">\n\t\t\t<div class=\"elementor-widget-wrap elementor-element-populated\">\n\t\t\t\t\t\t<div class=\"elementor-element elementor-element-157c500 sticky-column elementor-widget elementor-widget-image\" data-id=\"157c500\" data-element_type=\"widget\" data-e-type=\"widget\" data-widget_type=\"image.default\">\n\t\t\t\t<div class=\"elementor-widget-container\">\n\t\t\t\t\t\t\t\t\t\t\t\t\t\t\t<img fetchpriority=\"high\" decoding=\"async\" width=\"600\" height=\"800\" src=\"https:\/\/blackceramicscentre.lt\/wp-content\/uploads\/2023\/11\/autoriai-ieva.jpg\" class=\"attachment-full size-full wp-image-183\" alt=\"\" srcset=\"https:\/\/blackceramicscentre.lt\/wp-content\/uploads\/2023\/11\/autoriai-ieva.jpg 600w, https:\/\/blackceramicscentre.lt\/wp-content\/uploads\/2023\/11\/autoriai-ieva-225x300.jpg 225w\" sizes=\"(max-width: 600px) 100vw, 600px\" \/>\t\t\t\t\t\t\t\t\t\t\t\t\t\t\t<\/div>\n\t\t\t\t<\/div>\n\t\t\t\t\t<\/div>\n\t\t<\/div>\n\t\t\t\t<div class=\"elementor-column elementor-col-50 elementor-top-column elementor-element elementor-element-16eac5f5\" data-id=\"16eac5f5\" data-element_type=\"column\" data-e-type=\"column\">\n\t\t\t<div class=\"elementor-widget-wrap elementor-element-populated\">\n\t\t\t\t\t\t<div class=\"elementor-element elementor-element-2aca0b9a elementor-invisible elementor-widget elementor-widget-heading\" data-id=\"2aca0b9a\" data-element_type=\"widget\" data-e-type=\"widget\" data-settings=\"{&quot;_animation&quot;:&quot;fadeInUp&quot;}\" data-widget_type=\"heading.default\">\n\t\t\t\t<div class=\"elementor-widget-container\">\n\t\t\t\t\t<h2 class=\"elementor-heading-title elementor-size-default\">Ieva Pauk\u0161tyt\u0117-Schinello<\/h2>\t\t\t\t<\/div>\n\t\t\t\t<\/div>\n\t\t\t\t<div class=\"elementor-element elementor-element-0aca1c7 elementor-widget-divider--view-line elementor-widget elementor-widget-divider\" data-id=\"0aca1c7\" data-element_type=\"widget\" data-e-type=\"widget\" data-widget_type=\"divider.default\">\n\t\t\t\t<div class=\"elementor-widget-container\">\n\t\t\t\t\t\t\t<div class=\"elementor-divider\">\n\t\t\t<span class=\"elementor-divider-separator\">\n\t\t\t\t\t\t<\/span>\n\t\t<\/div>\n\t\t\t\t\t\t<\/div>\n\t\t\t\t<\/div>\n\t\t\t\t<div class=\"elementor-element elementor-element-2fbd017c elementor-widget elementor-widget-text-editor\" data-id=\"2fbd017c\" data-element_type=\"widget\" data-e-type=\"widget\" data-widget_type=\"text-editor.default\">\n\t\t\t\t<div class=\"elementor-widget-container\">\n\t\t\t\t\t\t\t\t\t<p>I was born in Vilnius in 1980.<\/p>\n<p>In 1998 I graduated from the National Mikalojus Konstantinas \u010ciurlionis School of Arts, majoring in sculpture. In 2002 I graduated from the Vilnius Academy of Arts, majoring in ceramics.<\/p>\n<p>Since 2007 I work as a ceramics restorer at the National Museum of Lithuania.<\/p>\n<p>I am one of the founders of the Black Ceramics Centre. Since 2017 I manage the activities of the centre.<\/p>\n<p>I have been a member of the Lithuanian Artists' Association since 2016. In 2021 I got into Homo Faber, a guide curated by the Michelangelo Foundation.<\/p>\t\t\t\t\t\t\t\t<\/div>\n\t\t\t\t<\/div>\n\t\t\t\t\t<\/div>\n\t\t<\/div>\n\t\t\t\t\t<\/div>\n\t\t<\/section>\n\t\t\t\t<section class=\"elementor-section elementor-top-section elementor-element elementor-element-bea7d6f elementor-section-boxed elementor-section-height-default elementor-section-height-default\" data-id=\"bea7d6f\" data-element_type=\"section\" data-e-type=\"section\" data-settings=\"{&quot;background_background&quot;:&quot;classic&quot;}\">\n\t\t\t\t\t\t<div class=\"elementor-container elementor-column-gap-default\">\n\t\t\t\t\t<div class=\"elementor-column elementor-col-100 elementor-top-column elementor-element elementor-element-c211554\" data-id=\"c211554\" data-element_type=\"column\" data-e-type=\"column\">\n\t\t\t<div class=\"elementor-widget-wrap elementor-element-populated\">\n\t\t\t\t\t\t<div class=\"elementor-element elementor-element-d4fd495 elementor-widget-divider--view-line_text elementor-widget-divider--element-align-left elementor-widget elementor-widget-divider\" data-id=\"d4fd495\" data-element_type=\"widget\" data-e-type=\"widget\" data-widget_type=\"divider.default\">\n\t\t\t\t<div class=\"elementor-widget-container\">\n\t\t\t\t\t\t\t<div class=\"elementor-divider\">\n\t\t\t<span class=\"elementor-divider-separator\">\n\t\t\t\t\t\t\t<span class=\"elementor-divider__text elementor-divider__element\">\n\t\t\t\tDarbai\t\t\t\t<\/span>\n\t\t\t\t\t\t<\/span>\n\t\t<\/div>\n\t\t\t\t\t\t<\/div>\n\t\t\t\t<\/div>\n\t\t\t\t<div class=\"elementor-element elementor-element-896c91c elementor-product-loop-item--align-center elementor-grid-tablet-4 elementor-grid-4 elementor-grid-mobile-2 elementor-products-grid elementor-wc-products elementor-show-pagination-border-yes elementor-widget elementor-widget-woocommerce-products\" data-id=\"896c91c\" data-element_type=\"widget\" data-e-type=\"widget\" data-widget_type=\"woocommerce-products.default\">\n\t\t\t\t<div class=\"elementor-widget-container\">\n\t\t\t\t\t<div class=\"woocommerce columns-4\"><div class=\"woocommerce-notices-wrapper\"><\/div><ul class=\"products elementor-grid columns-4\">\n<li class=\"product type-product post-198 status-publish first instock product_cat-ieva-paukstyte-schinello has-post-thumbnail virtual product-type-simple\">\n\t<a href=\"https:\/\/blackceramicscentre.lt\/en\/product\/produktas-2\/\" class=\"woocommerce-LoopProduct-link woocommerce-loop-product__link\"><img decoding=\"async\" width=\"300\" height=\"300\" src=\"https:\/\/blackceramicscentre.lt\/wp-content\/uploads\/2023\/11\/dirbinys-ieva-2-300x300.jpg\" class=\"attachment-woocommerce_thumbnail size-woocommerce_thumbnail\" alt=\"Lek\u0161t\u0117\" srcset=\"https:\/\/blackceramicscentre.lt\/wp-content\/uploads\/2023\/11\/dirbinys-ieva-2-300x300.jpg 300w, https:\/\/blackceramicscentre.lt\/wp-content\/uploads\/2023\/11\/dirbinys-ieva-2-150x150.jpg 150w, https:\/\/blackceramicscentre.lt\/wp-content\/uploads\/2023\/11\/dirbinys-ieva-2-100x100.jpg 100w\" sizes=\"(max-width: 300px) 100vw, 300px\" \/><h2 class=\"woocommerce-loop-product__title\">Lek\u0161t\u0117<\/h2>\n<\/a><div class=\"woocommerce-loop-product__buttons\"><a href=\"https:\/\/blackceramicscentre.lt\/en\/product\/produktas-2\/\" aria-describedby=\"woocommerce_loop_add_to_cart_link_describedby_198\" data-quantity=\"1\" class=\"button product_type_simple\" data-product_id=\"198\" data-product_sku=\"\" aria-label=\"Read more about \u201cLek\u0161t\u0117\u201d\" rel=\"nofollow\" data-success_message=\"\" data-no-translation=\"\" data-trp-gettext=\"\" data-no-translation-aria-label=\"\">Read more<\/a><\/div>\t<span id=\"woocommerce_loop_add_to_cart_link_describedby_198\" class=\"screen-reader-text\">\n\t\t\t<\/span>\n<\/li>\n<li class=\"product type-product post-144 status-publish instock product_cat-ieva-paukstyte-schinello has-post-thumbnail virtual product-type-simple\">\n\t<a href=\"https:\/\/blackceramicscentre.lt\/en\/product\/produktas-1\/\" class=\"woocommerce-LoopProduct-link woocommerce-loop-product__link\"><img decoding=\"async\" width=\"300\" height=\"300\" src=\"https:\/\/blackceramicscentre.lt\/wp-content\/uploads\/2023\/11\/Dirbinys-ieva-1-300x300.jpg\" class=\"attachment-woocommerce_thumbnail size-woocommerce_thumbnail\" alt=\"Autorinis darbas\" srcset=\"https:\/\/blackceramicscentre.lt\/wp-content\/uploads\/2023\/11\/Dirbinys-ieva-1-300x300.jpg 300w, https:\/\/blackceramicscentre.lt\/wp-content\/uploads\/2023\/11\/Dirbinys-ieva-1-1024x1024.jpg 1024w, https:\/\/blackceramicscentre.lt\/wp-content\/uploads\/2023\/11\/Dirbinys-ieva-1-150x150.jpg 150w, https:\/\/blackceramicscentre.lt\/wp-content\/uploads\/2023\/11\/Dirbinys-ieva-1-768x768.jpg 768w, https:\/\/blackceramicscentre.lt\/wp-content\/uploads\/2023\/11\/Dirbinys-ieva-1-1536x1536.jpg 1536w, https:\/\/blackceramicscentre.lt\/wp-content\/uploads\/2023\/11\/Dirbinys-ieva-1-2048x2048.jpg 2048w, https:\/\/blackceramicscentre.lt\/wp-content\/uploads\/2023\/11\/Dirbinys-ieva-1-600x600.jpg 600w, https:\/\/blackceramicscentre.lt\/wp-content\/uploads\/2023\/11\/Dirbinys-ieva-1-100x100.jpg 100w\" sizes=\"(max-width: 300px) 100vw, 300px\" \/><h2 class=\"woocommerce-loop-product__title\">Autorinis darbas<\/h2>\n<\/a><div class=\"woocommerce-loop-product__buttons\"><a href=\"https:\/\/blackceramicscentre.lt\/en\/product\/produktas-1\/\" aria-describedby=\"woocommerce_loop_add_to_cart_link_describedby_144\" data-quantity=\"1\" class=\"button product_type_simple\" data-product_id=\"144\" data-product_sku=\"\" aria-label=\"Read more about \u201cAutorinis darbas\u201d\" rel=\"nofollow\" data-success_message=\"\" data-no-translation=\"\" data-trp-gettext=\"\" data-no-translation-aria-label=\"\">Read more<\/a><\/div>\t<span id=\"woocommerce_loop_add_to_cart_link_describedby_144\" class=\"screen-reader-text\">\n\t\t\t<\/span>\n<\/li>\n<\/ul>\n<\/div>\t\t\t\t<\/div>\n\t\t\t\t<\/div>\n\t\t\t\t\t<\/div>\n\t\t<\/div>\n\t\t\t\t\t<\/div>\n\t\t<\/section>\n\t\t\t\t<\/div>","protected":false},"excerpt":{"rendered":"<p>Keramikos autor\u0117 Ieva Pauk\u0161tyt\u0117-Schinello Gimiau Vilniuje 1980 m. 1998 m. baigiau Nacionalin\u0119 Mikalojaus Konstantino \u010ciurlionio men\u0173 mokykl\u0105, skulpt\u016bros specialyb\u0119. 2002 m. baigiau Vilniaus dail\u0117s akademij\u0105, keramikos specialyb\u0119. Nuo 2007 m. dirbu keramikos restauratore Lietuvos nacionaliniame muziejuje. Esu viena i\u0161 V\u0161\u012e &#8222;Juodosios keramikos centro&#8221; steig\u0117j\u0173. Nuo 2017 m. vadovauju centro veikloms. Nuo 2016 met\u0173 esu Lietuvos [&hellip;]<\/p>\n","protected":false},"author":2,"featured_media":0,"parent":0,"menu_order":0,"comment_status":"closed","ping_status":"closed","template":"elementor_header_footer","meta":{"footnotes":""},"class_list":["post-308","page","type-page","status-publish","hentry"],"_links":{"self":[{"href":"https:\/\/blackceramicscentre.lt\/en\/wp-json\/wp\/v2\/pages\/308","targetHints":{"allow":["GET"]}}],"collection":[{"href":"https:\/\/blackceramicscentre.lt\/en\/wp-json\/wp\/v2\/pages"}],"about":[{"href":"https:\/\/blackceramicscentre.lt\/en\/wp-json\/wp\/v2\/types\/page"}],"author":[{"embeddable":true,"href":"https:\/\/blackceramicscentre.lt\/en\/wp-json\/wp\/v2\/users\/2"}],"replies":[{"embeddable":true,"href":"https:\/\/blackceramicscentre.lt\/en\/wp-json\/wp\/v2\/comments?post=308"}],"version-history":[{"count":49,"href":"https:\/\/blackceramicscentre.lt\/en\/wp-json\/wp\/v2\/pages\/308\/revisions"}],"predecessor-version":[{"id":975,"href":"https:\/\/blackceramicscentre.lt\/en\/wp-json\/wp\/v2\/pages\/308\/revisions\/975"}],"wp:attachment":[{"href":"https:\/\/blackceramicscentre.lt\/en\/wp-json\/wp\/v2\/media?parent=308"}],"curies":[{"name":"wp","href":"https:\/\/api.w.org\/{rel}","templated":true}]}}